{"id":57,"date":"2022-05-01T18:49:13","date_gmt":"2022-05-01T21:49:13","guid":{"rendered":"https:\/\/garopabamed.com.br\/?page_id=57"},"modified":"2025-05-19T19:12:20","modified_gmt":"2025-05-19T22:12:20","slug":"garopaba-imagem","status":"publish","type":"page","link":"https:\/\/garopabamed.com.br\/garopaba\/garopaba-imagem\/","title":{"rendered":"Garopaba Imagem"},"content":{"rendered":"","protected":false},"excerpt":{"rendered":"","protected":false},"author":1,"featured_media":59,"parent":0,"menu_order":0,"comment_status":"closed","ping_status":"closed","template":"page-garopaba-imagem.php","meta":{"_joinchat":[],"footnotes":""},"class_list":["post-57","page","type-page","status-publish","has-post-thumbnail","hentry"],"yoast_head":"<!-- This site is optimized with the Yoast SEO plugin v19.2 - https:\/\/yoast.com\/wordpress\/plugins\/seo\/ -->\n<title>Garopaba Imagem - GAROPABAMED<\/title>\n<meta name=\"description\" content=\"O GAROPAMED disponibiliza servi\u00e7os como tomografia computadorizada, Holter, MAPA, endoscopia, colonoscopia, radiografia digital\" \/>\n<meta name=\"robots\" content=\"index, follow, max-snippet:-1, max-image-preview:large, max-video-preview:-1\" \/>\n<link rel=\"canonical\" href=\"https:\/\/garopabamed.com.br\/garopaba\/garopaba-imagem\/\" \/>\n<meta property=\"og:locale\" content=\"pt_BR\" \/>\n<meta property=\"og:type\" content=\"article\" \/>\n<meta property=\"og:title\" content=\"Garopaba Imagem - GAROPABAMED\" \/>\n<meta property=\"og:description\" content=\"O GAROPAMED disponibiliza servi\u00e7os como tomografia computadorizada, Holter, MAPA, endoscopia, colonoscopia, radiografia digital\" \/>\n<meta property=\"og:url\" content=\"https:\/\/garopabamed.com.br\/garopaba\/garopaba-imagem\/\" \/>\n<meta property=\"og:site_name\" content=\"GAROPABAMED\" \/>\n<meta property=\"article:modified_time\" content=\"2025-05-19T22:12:20+00:00\" \/>\n<meta property=\"og:image\" content=\"https:\/\/garopabamed.com.br\/garopaba\/wp-content\/uploads\/2022\/05\/imagem.jpg\" \/>\n\t<meta property=\"og:image:width\" content=\"1639\" \/>\n\t<meta property=\"og:image:height\" content=\"1092\" \/>\n\t<meta property=\"og:image:type\" content=\"image\/jpeg\" \/>\n<meta name=\"author\" content=\"Suporte Agencia\" \/>\n<meta name=\"twitter:card\" content=\"summary_large_image\" \/>\n<script type=\"application\/ld+json\" class=\"yoast-schema-graph\">{\"@context\":\"https:\/\/schema.org\",\"@graph\":[{\"@type\":\"WebSite\",\"@id\":\"https:\/\/garopabamed.com.br\/garopaba\/#website\",\"url\":\"https:\/\/garopabamed.com.br\/garopaba\/\",\"name\":\"GAROPABAMED\",\"description\":\"A Sa\u00fade da sua fam\u00edlia \u00e9 a nossa prioridade\",\"potentialAction\":[{\"@type\":\"SearchAction\",\"target\":{\"@type\":\"EntryPoint\",\"urlTemplate\":\"https:\/\/garopabamed.com.br\/garopaba\/?s={search_term_string}\"},\"query-input\":\"required name=search_term_string\"}],\"inLanguage\":\"pt-BR\"},{\"@type\":\"ImageObject\",\"inLanguage\":\"pt-BR\",\"@id\":\"https:\/\/garopabamed.com.br\/garopaba\/garopaba-imagem\/#primaryimage\",\"url\":\"https:\/\/garopabamed.com.br\/garopaba\/wp-content\/uploads\/2022\/05\/imagem.jpg\",\"contentUrl\":\"https:\/\/garopabamed.com.br\/garopaba\/wp-content\/uploads\/2022\/05\/imagem.jpg\",\"width\":1639,\"height\":1092,\"caption\":\"tomografia\"},{\"@type\":\"WebPage\",\"@id\":\"https:\/\/garopabamed.com.br\/garopaba\/garopaba-imagem\/#webpage\",\"url\":\"https:\/\/garopabamed.com.br\/garopaba\/garopaba-imagem\/\",\"name\":\"Garopaba Imagem - GAROPABAMED\",\"isPartOf\":{\"@id\":\"https:\/\/garopabamed.com.br\/garopaba\/#website\"},\"primaryImageOfPage\":{\"@id\":\"https:\/\/garopabamed.com.br\/garopaba\/garopaba-imagem\/#primaryimage\"},\"datePublished\":\"2022-05-01T21:49:13+00:00\",\"dateModified\":\"2025-05-19T22:12:20+00:00\",\"description\":\"O GAROPAMED disponibiliza servi\u00e7os como tomografia computadorizada, Holter, MAPA, endoscopia, colonoscopia, radiografia digital\",\"breadcrumb\":{\"@id\":\"https:\/\/garopabamed.com.br\/garopaba\/garopaba-imagem\/#breadcrumb\"},\"inLanguage\":\"pt-BR\",\"potentialAction\":[{\"@type\":\"ReadAction\",\"target\":[\"https:\/\/garopabamed.com.br\/garopaba\/garopaba-imagem\/\"]}]},{\"@type\":\"BreadcrumbList\",\"@id\":\"https:\/\/garopabamed.com.br\/garopaba\/garopaba-imagem\/#breadcrumb\",\"itemListElement\":[{\"@type\":\"ListItem\",\"position\":1,\"name\":\"In\u00edcio\",\"item\":\"https:\/\/garopabamed.com.br\/garopaba\/\"},{\"@type\":\"ListItem\",\"position\":2,\"name\":\"Garopaba Imagem\"}]}]}<\/script>\n<!-- \/ Yoast SEO plugin. -->","yoast_head_json":{"title":"Garopaba Imagem - GAROPABAMED","description":"O GAROPAMED disponibiliza servi\u00e7os como tomografia computadorizada, Holter, MAPA, endoscopia, colonoscopia, radiografia digital","robots":{"index":"index","follow":"follow","max-snippet":"max-snippet:-1","max-image-preview":"max-image-preview:large","max-video-preview":"max-video-preview:-1"},"canonical":"https:\/\/garopabamed.com.br\/garopaba\/garopaba-imagem\/","og_locale":"pt_BR","og_type":"article","og_title":"Garopaba Imagem - GAROPABAMED","og_description":"O GAROPAMED disponibiliza servi\u00e7os como tomografia computadorizada, Holter, MAPA, endoscopia, colonoscopia, radiografia digital","og_url":"https:\/\/garopabamed.com.br\/garopaba\/garopaba-imagem\/","og_site_name":"GAROPABAMED","article_modified_time":"2025-05-19T22:12:20+00:00","og_image":[{"width":1639,"height":1092,"url":"https:\/\/garopabamed.com.br\/garopaba\/wp-content\/uploads\/2022\/05\/imagem.jpg","type":"image\/jpeg"}],"author":"Suporte Agencia","twitter_card":"summary_large_image","schema":{"@context":"https:\/\/schema.org","@graph":[{"@type":"WebSite","@id":"https:\/\/garopabamed.com.br\/garopaba\/#website","url":"https:\/\/garopabamed.com.br\/garopaba\/","name":"GAROPABAMED","description":"A Sa\u00fade da sua fam\u00edlia \u00e9 a nossa prioridade","potentialAction":[{"@type":"SearchAction","target":{"@type":"EntryPoint","urlTemplate":"https:\/\/garopabamed.com.br\/garopaba\/?s={search_term_string}"},"query-input":"required name=search_term_string"}],"inLanguage":"pt-BR"},{"@type":"ImageObject","inLanguage":"pt-BR","@id":"https:\/\/garopabamed.com.br\/garopaba\/garopaba-imagem\/#primaryimage","url":"https:\/\/garopabamed.com.br\/garopaba\/wp-content\/uploads\/2022\/05\/imagem.jpg","contentUrl":"https:\/\/garopabamed.com.br\/garopaba\/wp-content\/uploads\/2022\/05\/imagem.jpg","width":1639,"height":1092,"caption":"tomografia"},{"@type":"WebPage","@id":"https:\/\/garopabamed.com.br\/garopaba\/garopaba-imagem\/#webpage","url":"https:\/\/garopabamed.com.br\/garopaba\/garopaba-imagem\/","name":"Garopaba Imagem - GAROPABAMED","isPartOf":{"@id":"https:\/\/garopabamed.com.br\/garopaba\/#website"},"primaryImageOfPage":{"@id":"https:\/\/garopabamed.com.br\/garopaba\/garopaba-imagem\/#primaryimage"},"datePublished":"2022-05-01T21:49:13+00:00","dateModified":"2025-05-19T22:12:20+00:00","description":"O GAROPAMED disponibiliza servi\u00e7os como tomografia computadorizada, Holter, MAPA, endoscopia, colonoscopia, radiografia digital","breadcrumb":{"@id":"https:\/\/garopabamed.com.br\/garopaba\/garopaba-imagem\/#breadcrumb"},"inLanguage":"pt-BR","potentialAction":[{"@type":"ReadAction","target":["https:\/\/garopabamed.com.br\/garopaba\/garopaba-imagem\/"]}]},{"@type":"BreadcrumbList","@id":"https:\/\/garopabamed.com.br\/garopaba\/garopaba-imagem\/#breadcrumb","itemListElement":[{"@type":"ListItem","position":1,"name":"In\u00edcio","item":"https:\/\/garopabamed.com.br\/garopaba\/"},{"@type":"ListItem","position":2,"name":"Garopaba Imagem"}]}]}},"_links":{"self":[{"href":"https:\/\/garopabamed.com.br\/garopaba\/wp-json\/wp\/v2\/pages\/57","targetHints":{"allow":["GET"]}}],"collection":[{"href":"https:\/\/garopabamed.com.br\/garopaba\/wp-json\/wp\/v2\/pages"}],"about":[{"href":"https:\/\/garopabamed.com.br\/garopaba\/wp-json\/wp\/v2\/types\/page"}],"author":[{"embeddable":true,"href":"https:\/\/garopabamed.com.br\/garopaba\/wp-json\/wp\/v2\/users\/1"}],"replies":[{"embeddable":true,"href":"https:\/\/garopabamed.com.br\/garopaba\/wp-json\/wp\/v2\/comments?post=57"}],"version-history":[{"count":12,"href":"https:\/\/garopabamed.com.br\/garopaba\/wp-json\/wp\/v2\/pages\/57\/revisions"}],"predecessor-version":[{"id":591,"href":"https:\/\/garopabamed.com.br\/garopaba\/wp-json\/wp\/v2\/pages\/57\/revisions\/591"}],"wp:featuredmedia":[{"embeddable":true,"href":"https:\/\/garopabamed.com.br\/garopaba\/wp-json\/wp\/v2\/media\/59"}],"wp:attachment":[{"href":"https:\/\/garopabamed.com.br\/garopaba\/wp-json\/wp\/v2\/media?parent=57"}],"curies":[{"name":"wp","href":"https:\/\/api.w.org\/{rel}","templated":true}]}}